{"id":1575,"date":"2019-03-29T09:01:22","date_gmt":"2019-03-29T08:01:22","guid":{"rendered":"http:\/\/ugtaytosantander.es\/portal\/?page_id=1575"},"modified":"2019-05-23T09:36:52","modified_gmt":"2019-05-23T07:36:52","slug":"inicio","status":"publish","type":"page","link":"https:\/\/ugtaytosantander.es\/portal\/","title":{"rendered":"Inicio"},"content":{"rendered":"\t\t<div data-elementor-type=\"wp-post\" data-elementor-id=\"1575\" class=\"elementor elementor-1575\">\n\t\t\t\t\t\t<section class=\"elementor-section elementor-top-section elementor-element elementor-element-81069e4 elementor-section-boxed elementor-section-height-default elementor-section-height-default\" data-id=\"81069e4\" data-element_type=\"section\" data-e-type=\"section\">\n\t\t\t\t\t\t<div class=\"elementor-container elementor-column-gap-default\">\n\t\t\t\t\t<div class=\"elementor-column elementor-col-100 elementor-top-column elementor-element elementor-element-9e3113b\" data-id=\"9e3113b\" data-element_type=\"column\" data-e-type=\"column\">\n\t\t\t<div class=\"elementor-widget-wrap elementor-element-populated\">\n\t\t\t\t\t\t<div class=\"elementor-element elementor-element-66f91ef elementor-grid-eael-col-2 elementor-grid-tablet-eael-col-2 elementor-grid-mobile-eael-col-1 elementor-widget elementor-widget-eael-post-grid\" data-id=\"66f91ef\" data-element_type=\"widget\" data-e-type=\"widget\" data-settings=\"{&quot;eael_post_grid_columns&quot;:&quot;eael-col-2&quot;,&quot;_animation&quot;:&quot;none&quot;,&quot;eael_post_grid_columns_tablet&quot;:&quot;eael-col-2&quot;,&quot;eael_post_grid_columns_mobile&quot;:&quot;eael-col-1&quot;}\" data-widget_type=\"eael-post-grid.default\">\n\t\t\t\t<div class=\"elementor-widget-container\">\n\t\t\t\t\t<div id=\"eael-post-grid-66f91ef\" class=\"eael-post-grid-container\">\n            <div class=\"eael-post-grid eael-post-appender eael-post-appender-66f91ef eael-post-grid-style-one\" data-layout-mode=\"masonry\"><article class=\"eael-grid-post eael-post-grid-column\" data-id=\"4229\">\n        <div class=\"eael-grid-post-holder\">\n            <div class=\"eael-grid-post-holder-inner\"><div class=\"eael-entry-wrapper\"><header class=\"eael-entry-header\"><h2 class=\"eael-entry-title\"><a class=\"eael-grid-post-link\" href=\"https:\/\/ugtaytosantander.es\/portal\/el-gobierno-municipal-del-no-no-gestion-no-negociacion-colectiva-no-respeto-a-la-plantilla\/\" title=\"EL GOBIERNO MUNICIPAL DEL NO:  NO GESTI\u00d3N, NO NEGOCIACI\u00d3N COLECTIVA, NO RESPETO A LA PLANTILLA\">EL GOBIERNO MUNICIPAL DEL NO:  NO GESTI\u00d3N, NO NEGOCIACI\u00d3N COLECTIVA, NO RESPETO A LA PLANTILLA<\/a><\/h2><\/header><div class=\"eael-entry-content\">\n                        <div class=\"eael-grid-post-excerpt\"><p>Santander, 14 de abril de 2026 \u00a0\u00a0\u00a0\u00a0\u00a0\u00a0\u00a0\u00a0\u00a0\u00a0 \u00a0Os queremos informar de la evoluci\u00f3n, o mejor dicho, de la involuci\u00f3n en la pol\u00edtica de recursos humanos del Equipo de Gobierno del...<\/p><a href=\"https:\/\/ugtaytosantander.es\/portal\/el-gobierno-municipal-del-no-no-gestion-no-negociacion-colectiva-no-respeto-a-la-plantilla\/\" class=\"eael-post-elements-readmore-btn\">Leer m\u00e1s<\/a><\/div>\n                    <\/div><\/div><\/div>\n        <\/div>\n    <\/article><article class=\"eael-grid-post eael-post-grid-column\" data-id=\"4227\">\n        <div class=\"eael-grid-post-holder\">\n            <div class=\"eael-grid-post-holder-inner\"><div class=\"eael-entry-wrapper\"><header class=\"eael-entry-header\"><h2 class=\"eael-entry-title\"><a class=\"eael-grid-post-link\" href=\"https:\/\/ugtaytosantander.es\/portal\/ugt-informa-concentracion-26-de-marzo-de-2026\/\" title=\"UGT INFORMA: CONCENTRACI\u00d3N 26 DE MARZO DE 2026\">UGT INFORMA: CONCENTRACI\u00d3N 26 DE MARZO DE 2026<\/a><\/h2><\/header><div class=\"eael-entry-content\">\n                        <div class=\"eael-grid-post-excerpt\"><p>Como los acuerdos alcanzados con el equipo de gobierno para los colectivos de Vigilantes, Ordenanzas, Banda y Conservatorio y Personal de Servicios sociales siguen sin materializarse y contin\u00faa la falta...<\/p><a href=\"https:\/\/ugtaytosantander.es\/portal\/ugt-informa-concentracion-26-de-marzo-de-2026\/\" class=\"eael-post-elements-readmore-btn\">Leer m\u00e1s<\/a><\/div>\n                    <\/div><\/div><\/div>\n        <\/div>\n    <\/article><article class=\"eael-grid-post eael-post-grid-column\" data-id=\"4223\">\n        <div class=\"eael-grid-post-holder\">\n            <div class=\"eael-grid-post-holder-inner\"><div class=\"eael-entry-wrapper\"><header class=\"eael-entry-header\"><h2 class=\"eael-entry-title\"><a class=\"eael-grid-post-link\" href=\"https:\/\/ugtaytosantander.es\/portal\/8-m-2026-un-punto-de-inflexion\/\" title=\"8 M 2026, UN PUNTO DE INFLEXI\u00d3N\">8 M 2026, UN PUNTO DE INFLEXI\u00d3N<\/a><\/h2><\/header><div class=\"eael-entry-content\">\n                        <div class=\"eael-grid-post-excerpt\"><p>El 25 N de 2025 titulamos nuestro Manifiesto \u201cTOLERANCIA CERO CONTRA LA DELINCUENCIA MACHISTA\u201d, t\u00e9rmino que describe perfectamente la violencia machista como delito y como problema social, y todo comportamiento...<\/p><a href=\"https:\/\/ugtaytosantander.es\/portal\/8-m-2026-un-punto-de-inflexion\/\" class=\"eael-post-elements-readmore-btn\">Leer m\u00e1s<\/a><\/div>\n                    <\/div><\/div><\/div>\n        <\/div>\n    <\/article><article class=\"eael-grid-post eael-post-grid-column\" data-id=\"4216\">\n        <div class=\"eael-grid-post-holder\">\n            <div class=\"eael-grid-post-holder-inner\"><div class=\"eael-entry-wrapper\"><header class=\"eael-entry-header\"><h2 class=\"eael-entry-title\"><a class=\"eael-grid-post-link\" href=\"https:\/\/ugtaytosantander.es\/portal\/ugt-informa-nueva-concentracion-26-de-febrero-de-2026\/\" title=\"UGT INFORMA: NUEVA CONCENTRACION 26 DE FEBRERO DE 2026\">UGT INFORMA: NUEVA CONCENTRACION 26 DE FEBRERO DE 2026<\/a><\/h2><\/header><div class=\"eael-entry-content\">\n                        <div class=\"eael-grid-post-excerpt\"><p>Tras la celebraci\u00f3n de la Asamblea Informativa por el incumplimiento de los acuerdos firmados con el equipo de gobierno del Ayuntamiento de Santander para los colectivos de Vigilantes y Ordenanzas,...<\/p><a href=\"https:\/\/ugtaytosantander.es\/portal\/ugt-informa-nueva-concentracion-26-de-febrero-de-2026\/\" class=\"eael-post-elements-readmore-btn\">Leer m\u00e1s<\/a><\/div>\n                    <\/div><\/div><\/div>\n        <\/div>\n    <\/article><article class=\"eael-grid-post eael-post-grid-column\" data-id=\"4213\">\n        <div class=\"eael-grid-post-holder\">\n            <div class=\"eael-grid-post-holder-inner\"><div class=\"eael-entry-wrapper\"><header class=\"eael-entry-header\"><h2 class=\"eael-entry-title\"><a class=\"eael-grid-post-link\" href=\"https:\/\/ugtaytosantander.es\/portal\/ugt-informa-el-camino-equivocado-del-equipo-de-gobierno\/\" title=\"UGT INFORMA: EL CAMINO EQUIVOCADO DEL EQUIPO DE GOBIERNO\">UGT INFORMA: EL CAMINO EQUIVOCADO DEL EQUIPO DE GOBIERNO<\/a><\/h2><\/header><div class=\"eael-entry-content\">\n                        <div class=\"eael-grid-post-excerpt\"><p>El Ayuntamiento de Santander ha hecho suya la frase de, \u201cCUANDO NO SABES D\u00d3NDE VAS, CUALQUIER CAMINO TE LLEVA\u201d pero en una versi\u00f3n que se asemeja m\u00e1s a cuento de...<\/p><a href=\"https:\/\/ugtaytosantander.es\/portal\/ugt-informa-el-camino-equivocado-del-equipo-de-gobierno\/\" class=\"eael-post-elements-readmore-btn\">Leer m\u00e1s<\/a><\/div>\n                    <\/div><\/div><\/div>\n        <\/div>\n    <\/article><article class=\"eael-grid-post eael-post-grid-column\" data-id=\"4203\">\n        <div class=\"eael-grid-post-holder\">\n            <div class=\"eael-grid-post-holder-inner\"><div class=\"eael-entry-wrapper\"><header class=\"eael-entry-header\"><h2 class=\"eael-entry-title\"><a class=\"eael-grid-post-link\" href=\"https:\/\/ugtaytosantander.es\/portal\/ugt-informa-asamblea-informativa-12-de-febrero-de-2026\/\" title=\"UGT INFORMA: ASAMBLEA INFORMATIVA 12 DE FEBRERO DE 2026.\">UGT INFORMA: ASAMBLEA INFORMATIVA 12 DE FEBRERO DE 2026.<\/a><\/h2><\/header><div class=\"eael-entry-content\">\n                        <div class=\"eael-grid-post-excerpt\"><p>En sesi\u00f3n extraordinaria de la Junta de Personal de 4 de febrero de 2026 se acord\u00f3 celebrar una Asamblea informativa para los colectivos municipales siguientes, afectados por el incumplimiento de...<\/p><a href=\"https:\/\/ugtaytosantander.es\/portal\/ugt-informa-asamblea-informativa-12-de-febrero-de-2026\/\" class=\"eael-post-elements-readmore-btn\">Leer m\u00e1s<\/a><\/div>\n                    <\/div><\/div><\/div>\n        <\/div>\n    <\/article><article class=\"eael-grid-post eael-post-grid-column\" data-id=\"4200\">\n        <div class=\"eael-grid-post-holder\">\n            <div class=\"eael-grid-post-holder-inner\"><div class=\"eael-entry-wrapper\"><header class=\"eael-entry-header\"><h2 class=\"eael-entry-title\"><a class=\"eael-grid-post-link\" href=\"https:\/\/ugtaytosantander.es\/portal\/ugt-informa-y-la-politica-de-rr-hh-del-equipo-de-gobierno-se-fue-a-pique\/\" title=\"UGT INFORMA: Y LA POLITICA DE RR.HH. DEL EQUIPO DE GOBIERNO SE FUE A PIQUE\">UGT INFORMA: Y LA POLITICA DE RR.HH. DEL EQUIPO DE GOBIERNO SE FUE A PIQUE<\/a><\/h2><\/header><div class=\"eael-entry-content\">\n                        <div class=\"eael-grid-post-excerpt\"><p>El reci\u00e9n terminado 2025 y el inicio de este 2026 por lo que m\u00e1s est\u00e1 destacando el Equipo de Gobierno, una vez m\u00e1s con su Director de RRHH a la...<\/p><a href=\"https:\/\/ugtaytosantander.es\/portal\/ugt-informa-y-la-politica-de-rr-hh-del-equipo-de-gobierno-se-fue-a-pique\/\" class=\"eael-post-elements-readmore-btn\">Leer m\u00e1s<\/a><\/div>\n                    <\/div><\/div><\/div>\n        <\/div>\n    <\/article><article class=\"eael-grid-post eael-post-grid-column\" data-id=\"4184\">\n        <div class=\"eael-grid-post-holder\">\n            <div class=\"eael-grid-post-holder-inner\"><div class=\"eael-entry-wrapper\"><header class=\"eael-entry-header\"><h2 class=\"eael-entry-title\"><a class=\"eael-grid-post-link\" href=\"https:\/\/ugtaytosantander.es\/portal\/25-n-2025-tolerancia-cero-contra-la-delincuencia-machista\/\" title=\"25 N 2025: TOLERANCIA CERO CONTRA LA DELINCUENCIA MACHISTA.\">25 N 2025: TOLERANCIA CERO CONTRA LA DELINCUENCIA MACHISTA.<\/a><\/h2><\/header><div class=\"eael-entry-content\">\n                        <div class=\"eael-grid-post-excerpt\"><p>Cada 25 de noviembre conmemoramos el D\u00eda internacional para la eliminaci\u00f3n de la violencia contra la mujer. Se eligi\u00f3 esta fecha porque el 25 de noviembre de 1960, tres hermanas...<\/p><a href=\"https:\/\/ugtaytosantander.es\/portal\/25-n-2025-tolerancia-cero-contra-la-delincuencia-machista\/\" class=\"eael-post-elements-readmore-btn\">Leer m\u00e1s<\/a><\/div>\n                    <\/div><\/div><\/div>\n        <\/div>\n    <\/article><article class=\"eael-grid-post eael-post-grid-column\" data-id=\"4179\">\n        <div class=\"eael-grid-post-holder\">\n            <div class=\"eael-grid-post-holder-inner\"><div class=\"eael-entry-wrapper\"><header class=\"eael-entry-header\"><h2 class=\"eael-entry-title\"><a class=\"eael-grid-post-link\" href=\"https:\/\/ugtaytosantander.es\/portal\/ugt-informa-el-laberinto-del-equipo-de-gobierno\/\" title=\"UGT INFORMA: EL LABERINTO DEL EQUIPO DE GOBIERNO\">UGT INFORMA: EL LABERINTO DEL EQUIPO DE GOBIERNO<\/a><\/h2><\/header><div class=\"eael-entry-content\">\n                        <div class=\"eael-grid-post-excerpt\"><p>Compa\u00f1eros, tal y como os comunicamos desde UGT en el anterior Informa, las MOVILIZACIONES por los IMPAGOS E INCUMPLIMIENTOS DE LOS ACUERDOS ALCANZADOS EN MESA CONTIN\u00daAN HASTA QUE NO SE...<\/p><a href=\"https:\/\/ugtaytosantander.es\/portal\/ugt-informa-el-laberinto-del-equipo-de-gobierno\/\" class=\"eael-post-elements-readmore-btn\">Leer m\u00e1s<\/a><\/div>\n                    <\/div><\/div><\/div>\n        <\/div>\n    <\/article><article class=\"eael-grid-post eael-post-grid-column\" data-id=\"4177\">\n        <div class=\"eael-grid-post-holder\">\n            <div class=\"eael-grid-post-holder-inner\"><div class=\"eael-entry-wrapper\"><header class=\"eael-entry-header\"><h2 class=\"eael-entry-title\"><a class=\"eael-grid-post-link\" href=\"https:\/\/ugtaytosantander.es\/portal\/acude-a-la-concentracion-manana-30-de-octubre-a-las-8-30-horas-en-la-plaza-del-ayuntamiento\/\" title=\"ACUDE A LA CONCENTRACI\u00d3N MA\u00d1ANA 30 DE OCTUBRE A LAS 8.30 HORAS EN LA PLAZA DEL AYUNTAMIENTO\">ACUDE A LA CONCENTRACI\u00d3N MA\u00d1ANA 30 DE OCTUBRE A LAS 8.30 HORAS EN LA PLAZA DEL AYUNTAMIENTO<\/a><\/h2><\/header><div class=\"eael-entry-content\">\n                        <div class=\"eael-grid-post-excerpt\"><p>Estimadas\/os compa\u00f1eras\/os: \u00a0 \u00a0Ma\u00f1ana, jueves 30 de octubre de 2025, todos los sindicatos con representatividad en el Ayuntamiento de Santander hemos convocado una concentraci\u00f3n a las 8.30 horas en la...<\/p><a href=\"https:\/\/ugtaytosantander.es\/portal\/acude-a-la-concentracion-manana-30-de-octubre-a-las-8-30-horas-en-la-plaza-del-ayuntamiento\/\" class=\"eael-post-elements-readmore-btn\">Leer m\u00e1s<\/a><\/div>\n                    <\/div><\/div><\/div>\n        <\/div>\n    <\/article><\/div>\n            <div class=\"clearfix\"><\/div>\n        <\/div>            <div class=\"eael-load-more-button-wrap\">\n                <button class=\"eael-load-more-button\" id=\"eael-load-more-btn-66f91ef\" data-widget-id=\"66f91ef\" data-widget=\"66f91ef\" data-page-id=\"1575\" data-template=\"{&quot;dir&quot;:&quot;lite&quot;,&quot;file_name&quot;:&quot;one.php&quot;,&quot;name&quot;:&quot;Post-Grid&quot;}\" data-class=\"Essential_Addons_Elementor\\Elements\\Post_Grid\" data-layout=\"masonry\" data-page=\"1\" data-args=\"orderby=date&amp;order=desc&amp;ignore_sticky_posts=1&amp;post_status=publish&amp;posts_per_page=10&amp;offset=0&amp;post_type=post&amp;tax_query%5B0%5D%5Btaxonomy%5D=category&amp;tax_query%5B0%5D%5Bfield%5D=term_id&amp;tax_query%5B0%5D%5Bterms%5D%5B0%5D=54&amp;tax_query%5Brelation%5D=AND\" data-max-page=\"42\">\n                    <span class=\"eael-btn-loader button__loader\"><\/span>\n                    <span class=\"eael_load_more_text\">Cargar mu00e1s noticias<\/span>\n                <\/button>\n            <\/div>\n            \t\t\t\t<\/div>\n\t\t\t\t<\/div>\n\t\t\t\t\t<\/div>\n\t\t<\/div>\n\t\t\t\t\t<\/div>\n\t\t<\/section>\n\t\t\t\t<\/div>\n\t\t","protected":false},"excerpt":{"rendered":"<p>Cita Previa UGT para campa\u00f1a de la Renta 2018 Santa Rita 2019. Cena Hermandad Ayto Santander Compensaci\u00f3n festividad d\u00eda del Pilar (12 de octubre 2019) por festivo Compensacion festividad dia del Pilar (12 de octubre 2019) por festivo Huelga 8 de marzo. Dia internacional de la mujer trabajadora UGT ha presentado una convocatoria de huelga [&hellip;]<\/p>\n","protected":false},"author":1,"featured_media":0,"parent":0,"menu_order":0,"comment_status":"closed","ping_status":"closed","template":"","meta":{"_exactmetrics_skip_tracking":false,"_exactmetrics_sitenote_active":false,"_exactmetrics_sitenote_note":"","_exactmetrics_sitenote_category":0,"_genesis_hide_title":false,"_genesis_hide_breadcrumbs":false,"_genesis_hide_singular_image":false,"_genesis_hide_footer_widgets":false,"_genesis_custom_body_class":"","_genesis_custom_post_class":"","_genesis_layout":"content-sidebar","footnotes":""},"class_list":{"0":"post-1575","1":"page","2":"type-page","3":"status-publish","5":"entry"},"yoast_head":"<!-- This site is optimized with the Yoast SEO plugin v27.4 - https:\/\/yoast.com\/product\/yoast-seo-wordpress\/ -->\n<title>Inicio - UGT Ayuntamiento de Santander<\/title>\n<meta name=\"robots\" content=\"index, follow, max-snippet:-1, max-image-preview:large, max-video-preview:-1\" \/>\n<link rel=\"canonical\" href=\"https:\/\/ugtaytosantander.es\/portal\/\" \/>\n<meta property=\"og:locale\" content=\"es_ES\" \/>\n<meta property=\"og:type\" content=\"article\" \/>\n<meta property=\"og:title\" content=\"Inicio - UGT Ayuntamiento de Santander\" \/>\n<meta property=\"og:description\" content=\"Cita Previa UGT para campa\u00f1a de la Renta 2018 Santa Rita 2019. Cena Hermandad Ayto Santander Compensaci\u00f3n festividad d\u00eda del Pilar (12 de octubre 2019) por festivo Compensacion festividad dia del Pilar (12 de octubre 2019) por festivo Huelga 8 de marzo. Dia internacional de la mujer trabajadora UGT ha presentado una convocatoria de huelga [&hellip;]\" \/>\n<meta property=\"og:url\" content=\"https:\/\/ugtaytosantander.es\/portal\/\" \/>\n<meta property=\"og:site_name\" content=\"UGT Ayuntamiento de Santander\" \/>\n<meta property=\"article:modified_time\" content=\"2019-05-23T07:36:52+00:00\" \/>\n<meta property=\"og:image\" content=\"http:\/\/ugtaytosantander.es\/portal\/wp-content\/uploads\/2019\/05\/CitaPreviaUGTRenta2018-772x1024.jpg\" \/>\n<meta name=\"twitter:card\" content=\"summary_large_image\" \/>\n<meta name=\"twitter:label1\" content=\"Tiempo de lectura\" \/>\n\t<meta name=\"twitter:data1\" content=\"2 minutos\" \/>\n<script type=\"application\/ld+json\" class=\"yoast-schema-graph\">{\"@context\":\"https:\\\/\\\/schema.org\",\"@graph\":[{\"@type\":\"WebPage\",\"@id\":\"https:\\\/\\\/ugtaytosantander.es\\\/portal\\\/\",\"url\":\"https:\\\/\\\/ugtaytosantander.es\\\/portal\\\/\",\"name\":\"Inicio - UGT Ayuntamiento de Santander\",\"isPartOf\":{\"@id\":\"https:\\\/\\\/ugtaytosantander.es\\\/portal\\\/#website\"},\"primaryImageOfPage\":{\"@id\":\"https:\\\/\\\/ugtaytosantander.es\\\/portal\\\/#primaryimage\"},\"image\":{\"@id\":\"https:\\\/\\\/ugtaytosantander.es\\\/portal\\\/#primaryimage\"},\"thumbnailUrl\":\"http:\\\/\\\/ugtaytosantander.es\\\/portal\\\/wp-content\\\/uploads\\\/2019\\\/05\\\/CitaPreviaUGTRenta2018-772x1024.jpg\",\"datePublished\":\"2019-03-29T08:01:22+00:00\",\"dateModified\":\"2019-05-23T07:36:52+00:00\",\"breadcrumb\":{\"@id\":\"https:\\\/\\\/ugtaytosantander.es\\\/portal\\\/#breadcrumb\"},\"inLanguage\":\"es\",\"potentialAction\":[{\"@type\":\"ReadAction\",\"target\":[\"https:\\\/\\\/ugtaytosantander.es\\\/portal\\\/\"]}]},{\"@type\":\"ImageObject\",\"inLanguage\":\"es\",\"@id\":\"https:\\\/\\\/ugtaytosantander.es\\\/portal\\\/#primaryimage\",\"url\":\"http:\\\/\\\/ugtaytosantander.es\\\/portal\\\/wp-content\\\/uploads\\\/2019\\\/05\\\/CitaPreviaUGTRenta2018-772x1024.jpg\",\"contentUrl\":\"http:\\\/\\\/ugtaytosantander.es\\\/portal\\\/wp-content\\\/uploads\\\/2019\\\/05\\\/CitaPreviaUGTRenta2018-772x1024.jpg\"},{\"@type\":\"BreadcrumbList\",\"@id\":\"https:\\\/\\\/ugtaytosantander.es\\\/portal\\\/#breadcrumb\",\"itemListElement\":[{\"@type\":\"ListItem\",\"position\":1,\"name\":\"Portada\",\"item\":\"https:\\\/\\\/ugtaytosantander.es\\\/portal\\\/\"},{\"@type\":\"ListItem\",\"position\":2,\"name\":\"Inicio\"}]},{\"@type\":\"WebSite\",\"@id\":\"https:\\\/\\\/ugtaytosantander.es\\\/portal\\\/#website\",\"url\":\"https:\\\/\\\/ugtaytosantander.es\\\/portal\\\/\",\"name\":\"UGT Ayuntamiento de Santander\",\"description\":\"Seccion Sindical UGT Ayto Santander\",\"publisher\":{\"@id\":\"https:\\\/\\\/ugtaytosantander.es\\\/portal\\\/#organization\"},\"potentialAction\":[{\"@type\":\"SearchAction\",\"target\":{\"@type\":\"EntryPoint\",\"urlTemplate\":\"https:\\\/\\\/ugtaytosantander.es\\\/portal\\\/?s={search_term_string}\"},\"query-input\":{\"@type\":\"PropertyValueSpecification\",\"valueRequired\":true,\"valueName\":\"search_term_string\"}}],\"inLanguage\":\"es\"},{\"@type\":\"Organization\",\"@id\":\"https:\\\/\\\/ugtaytosantander.es\\\/portal\\\/#organization\",\"name\":\"Secci\u00f3n Sindical de UGT del Ayuntamiento de Santander\",\"url\":\"https:\\\/\\\/ugtaytosantander.es\\\/portal\\\/\",\"logo\":{\"@type\":\"ImageObject\",\"inLanguage\":\"es\",\"@id\":\"https:\\\/\\\/ugtaytosantander.es\\\/portal\\\/#\\\/schema\\\/logo\\\/image\\\/\",\"url\":\"https:\\\/\\\/ugtaytosantander.es\\\/portal\\\/wp-content\\\/uploads\\\/2019\\\/03\\\/Logo-FESP200.png\",\"contentUrl\":\"https:\\\/\\\/ugtaytosantander.es\\\/portal\\\/wp-content\\\/uploads\\\/2019\\\/03\\\/Logo-FESP200.png\",\"width\":200,\"height\":123,\"caption\":\"Secci\u00f3n Sindical de UGT del Ayuntamiento de Santander\"},\"image\":{\"@id\":\"https:\\\/\\\/ugtaytosantander.es\\\/portal\\\/#\\\/schema\\\/logo\\\/image\\\/\"}}]}<\/script>\n<!-- \/ Yoast SEO plugin. -->","yoast_head_json":{"title":"Inicio - UGT Ayuntamiento de Santander","robots":{"index":"index","follow":"follow","max-snippet":"max-snippet:-1","max-image-preview":"max-image-preview:large","max-video-preview":"max-video-preview:-1"},"canonical":"https:\/\/ugtaytosantander.es\/portal\/","og_locale":"es_ES","og_type":"article","og_title":"Inicio - UGT Ayuntamiento de Santander","og_description":"Cita Previa UGT para campa\u00f1a de la Renta 2018 Santa Rita 2019. Cena Hermandad Ayto Santander Compensaci\u00f3n festividad d\u00eda del Pilar (12 de octubre 2019) por festivo Compensacion festividad dia del Pilar (12 de octubre 2019) por festivo Huelga 8 de marzo. Dia internacional de la mujer trabajadora UGT ha presentado una convocatoria de huelga [&hellip;]","og_url":"https:\/\/ugtaytosantander.es\/portal\/","og_site_name":"UGT Ayuntamiento de Santander","article_modified_time":"2019-05-23T07:36:52+00:00","og_image":[{"url":"http:\/\/ugtaytosantander.es\/portal\/wp-content\/uploads\/2019\/05\/CitaPreviaUGTRenta2018-772x1024.jpg","type":"","width":"","height":""}],"twitter_card":"summary_large_image","twitter_misc":{"Tiempo de lectura":"2 minutos"},"schema":{"@context":"https:\/\/schema.org","@graph":[{"@type":"WebPage","@id":"https:\/\/ugtaytosantander.es\/portal\/","url":"https:\/\/ugtaytosantander.es\/portal\/","name":"Inicio - UGT Ayuntamiento de Santander","isPartOf":{"@id":"https:\/\/ugtaytosantander.es\/portal\/#website"},"primaryImageOfPage":{"@id":"https:\/\/ugtaytosantander.es\/portal\/#primaryimage"},"image":{"@id":"https:\/\/ugtaytosantander.es\/portal\/#primaryimage"},"thumbnailUrl":"http:\/\/ugtaytosantander.es\/portal\/wp-content\/uploads\/2019\/05\/CitaPreviaUGTRenta2018-772x1024.jpg","datePublished":"2019-03-29T08:01:22+00:00","dateModified":"2019-05-23T07:36:52+00:00","breadcrumb":{"@id":"https:\/\/ugtaytosantander.es\/portal\/#breadcrumb"},"inLanguage":"es","potentialAction":[{"@type":"ReadAction","target":["https:\/\/ugtaytosantander.es\/portal\/"]}]},{"@type":"ImageObject","inLanguage":"es","@id":"https:\/\/ugtaytosantander.es\/portal\/#primaryimage","url":"http:\/\/ugtaytosantander.es\/portal\/wp-content\/uploads\/2019\/05\/CitaPreviaUGTRenta2018-772x1024.jpg","contentUrl":"http:\/\/ugtaytosantander.es\/portal\/wp-content\/uploads\/2019\/05\/CitaPreviaUGTRenta2018-772x1024.jpg"},{"@type":"BreadcrumbList","@id":"https:\/\/ugtaytosantander.es\/portal\/#breadcrumb","itemListElement":[{"@type":"ListItem","position":1,"name":"Portada","item":"https:\/\/ugtaytosantander.es\/portal\/"},{"@type":"ListItem","position":2,"name":"Inicio"}]},{"@type":"WebSite","@id":"https:\/\/ugtaytosantander.es\/portal\/#website","url":"https:\/\/ugtaytosantander.es\/portal\/","name":"UGT Ayuntamiento de Santander","description":"Seccion Sindical UGT Ayto Santander","publisher":{"@id":"https:\/\/ugtaytosantander.es\/portal\/#organization"},"potentialAction":[{"@type":"SearchAction","target":{"@type":"EntryPoint","urlTemplate":"https:\/\/ugtaytosantander.es\/portal\/?s={search_term_string}"},"query-input":{"@type":"PropertyValueSpecification","valueRequired":true,"valueName":"search_term_string"}}],"inLanguage":"es"},{"@type":"Organization","@id":"https:\/\/ugtaytosantander.es\/portal\/#organization","name":"Secci\u00f3n Sindical de UGT del Ayuntamiento de Santander","url":"https:\/\/ugtaytosantander.es\/portal\/","logo":{"@type":"ImageObject","inLanguage":"es","@id":"https:\/\/ugtaytosantander.es\/portal\/#\/schema\/logo\/image\/","url":"https:\/\/ugtaytosantander.es\/portal\/wp-content\/uploads\/2019\/03\/Logo-FESP200.png","contentUrl":"https:\/\/ugtaytosantander.es\/portal\/wp-content\/uploads\/2019\/03\/Logo-FESP200.png","width":200,"height":123,"caption":"Secci\u00f3n Sindical de UGT del Ayuntamiento de Santander"},"image":{"@id":"https:\/\/ugtaytosantander.es\/portal\/#\/schema\/logo\/image\/"}}]}},"publishpress_future_action":{"enabled":false,"date":"2026-04-24 06:33:32","action":"change-status","newStatus":"trash","terms":[],"taxonomy":"","extraData":[]},"publishpress_future_workflow_manual_trigger":{"enabledWorkflows":[]},"_links":{"self":[{"href":"https:\/\/ugtaytosantander.es\/portal\/wp-json\/wp\/v2\/pages\/1575","targetHints":{"allow":["GET"]}}],"collection":[{"href":"https:\/\/ugtaytosantander.es\/portal\/wp-json\/wp\/v2\/pages"}],"about":[{"href":"https:\/\/ugtaytosantander.es\/portal\/wp-json\/wp\/v2\/types\/page"}],"author":[{"embeddable":true,"href":"https:\/\/ugtaytosantander.es\/portal\/wp-json\/wp\/v2\/users\/1"}],"replies":[{"embeddable":true,"href":"https:\/\/ugtaytosantander.es\/portal\/wp-json\/wp\/v2\/comments?post=1575"}],"version-history":[{"count":22,"href":"https:\/\/ugtaytosantander.es\/portal\/wp-json\/wp\/v2\/pages\/1575\/revisions"}],"predecessor-version":[{"id":1960,"href":"https:\/\/ugtaytosantander.es\/portal\/wp-json\/wp\/v2\/pages\/1575\/revisions\/1960"}],"wp:attachment":[{"href":"https:\/\/ugtaytosantander.es\/portal\/wp-json\/wp\/v2\/media?parent=1575"}],"curies":[{"name":"wp","href":"https:\/\/api.w.org\/{rel}","templated":true}]}}